{"id":100,"date":"2017-11-09T14:10:40","date_gmt":"2017-11-09T14:10:40","guid":{"rendered":"https:\/\/weddingplanneritaly.net\/it\/?page_id=100"},"modified":"2017-11-09T14:10:40","modified_gmt":"2017-11-09T14:10:40","slug":"privacy-e-cookie-policy","status":"publish","type":"page","link":"https:\/\/weddingplanneritaly.net\/it\/privacy-e-cookie-policy\/","title":{"rendered":"Privacy e cookie policy"},"content":{"rendered":"<p class=\"entry-title\"><strong>Privacy \/ Condizioni Uso \/ Cookie<\/strong><\/p>\n<div class=\"entry-content\">\n<p><strong>La navigazione di questo sito non prevede la richiesta di dati personali. Sono utilizzate tecnologie di terze parti che memorizzazano alcuni dati relativi il navigatore e la sua navigazione e che vengono utilizzati in modalit\u00e0 aggregata.<\/strong><\/p>\n<p><strong><br \/>\nTRATTAMENTO DATI PERSONALI<\/strong><\/p>\n<p>Con riferimento a quanto previsto del<strong>\u00a0D.lgs. 196\/2003<\/strong>, recante disposizioni a tutela della riservatezza nel trattamento dei dati personali, desideriamo con la presente informarvi che:<\/p>\n<ul>\n<li>i dati personali da voi forniti, ovvero altrimenti acquisiti nell\u2019ambito della nostra attivit\u00e0, possono formare oggetto di trattamento con o senza l\u2019ausilio di mezzi elettronici, nel rispetto della normativa sopra richiamata, per le finalit\u00e0 istituzionali della nostra societ\u00e0, ed in particolare per: dare esecuzione ad un servizio o ad una o pi\u00f9 operazioni contrattualmente convenute; l\u2019esecuzione di obblighi previsti da leggi o regolamenti; la tutela dei diritti del titolare della\u00a0https:\/\/weddingplanneritaly.net\/it in sede giudiziaria<\/li>\n<li>il conferimento dei Vostri dati alla\u00a0https:\/\/weddingplanneritaly.net\/it \u00e8 strettamente funzionale all\u2019esecuzione del rapporto contrattuale o, quando specificato, alle attivit\u00e0 acconsentite dall\u2019utente;<\/li>\n<li>il titolare del trattamento dei dati, ai sensi D.lgs. 196\/2003 \u00e8 l\u2019amministratore della\u00a0https:\/\/weddingplanneritaly.net\/it<\/li>\n<li>i dati saranno conservati presso la nostra sede di Milano, per il tempo prescritto dalle norme di legge<\/li>\n<li>il trattamento dei dati forniti, o altrimenti acquisiti nell\u2019ambito della nostra attivit\u00e0, potr\u00e0 essere effettuato anche da soggetti a cui sia riconosciuta la facolt\u00e0 di accedere ai Vostri dati personali da norme di legge o di normative secondarie e\/o comunitarie.<\/li>\n<li>in qualsiasi momento si potr\u00e0 richiedere la modifica o la cancellazione dei suddetti dati inviando istanza scritta a: Titolare del Trattamento Dati https:\/\/weddingplanneritaly.net\/it.<\/li>\n<\/ul>\n<ol>\n<li><strong>Lgs. n. 196 del 30 giugno 2003<br \/>\nDiritti dell\u2019interessato:<\/strong>In relazione al trattamento dei dati personali l\u2019interessato ha diritto:<br \/>\na) di conoscere, mediante accesso gratuito al registro di cui all\u2019articolo 31, comma 1, lettera a), l\u2019esistenza di trattamenti di dati che possono riguardarlo;<br \/>\nb) di essere informato su quanto indicato all\u2019articolo 7, comma 4, lettere a),b) e h);<br \/>\nc) di ottenere, a cura del titolare o del responsabile, senza ritardo:<\/li>\n<\/ol>\n<ol>\n<li>la conferma dell\u2019esistenza o meno di dati personali che lo riguardano; anche se non ancora registrati, e la comunicazione in forma intellegibile dei medesimi dati e della loro origine, nonch\u00e8 della logica e delle finalit\u00e0 su cui si basa il trattamento; la richiesta pu\u00f2 essere rinnovata, salva l\u2019esistenza di giustificati motivi, con intervallo non minore di novanta giorni;<\/li>\n<li>la cancellazione, la trasformazione in forma anonima o il blocco dei dati trattati in violazione di legge, compresi quelli di cui non \u00e8 necessaria la conservazione in relazione agli scopi per i quali i dati sono stati raccolti o successivamente trattati;<\/li>\n<li>l\u2019aggiornamento, la rettificazione ovvero, qualora vi abbia interesse, l\u2019integrazione dei dati;<\/li>\n<li>la testazione che le operazioni di cui ai numeri 2) e 3) sono state portate a conoscenza, anche per quanto riguarda il loro contenuto, di coloro ai quali i dati sono stati comunicati o diffusi, eccettuato il caso in cui tale adempimento si riveli impossibile o comporti un impiego di mezzi manifestamente sproporzionato rispetto al diritto del tutelato; d) di opporsi, in tutto o in parte, per motivi legittimi, al trattamento dei dati personali che lo riguardano, ancorch\u00e9 pertinenti allo scopo della raccolta; e) di opporsi, in tutto o in parte, al trattamento di dati personali che lo riguardano previsto a fini di informazione commerciale o di invio di materiale pubblicitario o di vendita diretta ovvero per il compimento di ricerche di mercato o di comunicazione commerciale interattiva e di essere informato dal titolare, non oltre il momento in cui i dati sono comunicati o diffusi, della possibilit\u00e0 di esercitare gratuitamente tale diritto.<\/li>\n<\/ol>\n<p>Per ciascuna richiesta di cui al comma 1, lettera c), numero 1), pu\u00f2 essere chiesto all\u2019interessato, ove non risulti confermata l\u2019esistenza di dati che lo riguardano, un contributo spese, non superiore ai costi effettivamente sopportati, secondo le modalit\u00e0 ed entro i limiti stabiliti dal regolamento di cui all\u2019articolo 33, comma 3<\/p>\n<p>I diritti di cui al comma 1) riferiti ai dati personali concernenti persone decedute possono essere esercitati da chiunque vi abbia interesse. \u00a0Nell\u2019esercizio dei diritti di cui al comma 1) l\u2019interessato pu\u00f2 conferire, per iscritto, delega o procura a persone fisiche o ad associazioni.\u00a0Restano ferme le norme sul segreto professionale degli esercenti la professione di giornalista, limitatamente alla fonte della notizia.\u00a0E\u2019 possibile consultare il testo completo della legge presso il sito del Parlamento italiano.<strong><br \/>\n<\/strong><\/p>\n<p><strong>NORME LEGALI E CONDIZIONI USO CONTENUTI<\/strong><\/p>\n<p>L\u2019utente NON \u00e8 autorizzato a utilizzare la documentazione o i contenuti disponibile in questo sito, a meno di ottenerne autorizzazione. In tal caso le norme da seguire sono:<\/p>\n<ol>\n<li>ottenere autoizzazione<\/li>\n<li>la comunicazione di copyright\u00a0 sia presente in tutte le copie e che sia accompagnata dalla presente autorizzazione per intero<\/li>\n<li>l\u2019uso di tale documentazione sia inteso solo a scopo informativo e non commerciale o per uso personale e che la suddetta documentazione non sia copiata o distribuita in internet o trasmessa tramite alcun canale di comunicazione online (siti web, blog, portali di contenuto) se non previa autorizzazione<\/li>\n<li>non vengano apportate modifiche ad alcuna parte della documentazione.<\/li>\n<li>obbligo di inserire un link a\u00a0https:\/\/weddingplanneritaly.net\/it<\/li>\n<\/ol>\n<p>L\u2019uso per qualsiasi altro scopo \u00e8 espressamente vietato dalla legge in vigore e pu\u00f2 comportare gravi sanzioni civili e penali. I trasgressori saranno perseguiti nella misura massima consentita dalla legge in vigore.<\/p>\n<p>https:\/\/weddingplanneritaly.net\/it\u00a0non si ritiene responsabile in alcun modo sui contenuti pubblicati, sulla loro veridicit\u00e0 con particolare riferimento a citazioni di informazioni o contenuti di siti di terze parti; ne trantomeno per le conseguenze del loro utilizzo da parte di terzi.<\/p>\n<p><strong>COOKIE<\/strong><\/p>\n<p><strong>CHE COSA SONO I COOKIE?<\/strong><\/p>\n<p>I cookie sono file di testo che contengono informazioni che vengono memorizzati sul tuo computer o sul tuo dispositivo mobile tutte le volte che visiti un sito online attraverso un browser. Ad ogni successiva visita il browser invia questi cookies al sito web che li ha originati o ad un altro sito. I cookies permettono ai siti di ricordare alcune informazioni per permetterti di navigare online in modo semplice e veloce come la lingua o riconoscimento di accesso al sito successivo il primo.<\/p>\n<p>Ci sono due principali tipi di cookie: i cookie di sessione e cookies permanenti. I cookie di sessione sono temporanei, servono a migliorare l\u2019esperienza di utilizzo del sito e vengono eliminati dal computer automaticamente quando chiudi il browser; i cookie permanenti restano memorizzati sul tuo computer a meno che non siano eliminati o raggiungano la loro data di scadenza.<\/p>\n<p><strong>I COOKIE SUL NOSTRO SITO<\/strong><\/p>\n<p>Questo sito pu\u00f2 essere navigato anche senza l\u2019utilizzo dei cookie da parte degli utenti.<\/p>\n<p>Utilizziamo cookie tecnici, finalizzati a migliore il funzionamento e la tua esperienza di navigazione di questo sito.<br \/>\nQuesto sito utilizza Google Analytics per raccogliere informazioni circa l\u2019utilizzo degli utenti del proprio sito web. Google Analytics genera informazioni statistiche e di altro genere attraverso i cookie, memorizzati sui computer degli utenti. Le informazioni generate relative al nostro sito web sono utilizzate dalla nostra azienda per fare dei report sull\u2019utilizzo del sito stesso per migliorarne l\u2019usabilit\u00e0, le funzionalit\u00e0, l\u2019interfaccia, la comunicazione.<\/p>\n<p>La politica sulla privacy di Google \u00e8 disponibile al seguente indirizzo:<br \/>\n<a href=\"http:\/\/www.google.com\/privacypolicy.html\">http:\/\/www.google.com\/privacypolicy.html<\/a><br \/>\nIn particolare le informazioni generate dal cookie sull\u2019utilizzo del sito web vengono\u00a0gestite\u00a0presso i server di Google negli Stati Uniti. Google pu\u00f2 anche trasferire queste informazioni a terzi ove ci\u00f2 sia imposto dalla legge o laddove tali terzi trattino le suddette informazioni per conto di Google.<\/p>\n<p>Google non assocer\u00e0 il vostro indirizzo IP a nessun altro dato posseduto da Google.<\/p>\n<p>Se preferisci che Google Analytics non utilizzi i dati raccolti in nessun modo puoi:<\/p>\n<ul>\n<li>utilizzare la navigazione anonima (Do Not Track)\u00a0del tuo browser. Per sapere come attivare l\u2019opzione sui browser:\u00a0<a href=\"http:\/\/windows.microsoft.com\/it-it\/internet-explorer\/ie-do-not-track#ie=ie-11\">Internet Explorer<\/a>,\u00a0<a href=\"https:\/\/support.google.com\/chrome\/answer\/95464?hl=it\">Google Chrome<\/a>,\u00a0<a href=\"https:\/\/support.mozilla.org\/it\/kb\/Navigazione%20anonima\">Mozilla Firefox<\/a>,\u00a0<a href=\"https:\/\/support.apple.com\/it-it\/HT6074\">Apple Safari<\/a>.<\/li>\n<li>Disattivare i cookie Google Analytics attraverso le specifiche opzioni di impostazione dei diversi browser o scaricando l\u2019<a href=\"https:\/\/tools.google.com\/dlpage\/gaoptout\/\">Add-on<\/a><\/li>\n<\/ul>\n<p>Utilizzando il presente sito web, acconsenti al trattamento dei tuoi dati da parte di Google per le modalit\u00e0 e i fini sopraindicati.<\/p>\n<p><strong>COOKIE PER MARKETING\/REMARKETING DI TERZE PARTI<\/strong><\/p>\n<p>La navigazione degli utenti sul sito\u00a0https:\/\/weddingplanneritaly.net\/it pu\u00f2 determinare, attraverso la registrazione dei cookie, l\u2019attivazione di annunci di\u00a0Remarketing e\/o Display su siti Google o di terze parti che rimandano al sito https:\/\/weddingplanneritaly.net\/it.<\/p>\n<p>Questi cookie sono utilizzati da terze parti al fine di presentarti dei banner pubblicitari di WEB REVOLUTION di J.P.C.J\u00a0quando ti trovi in altri siti. Mentre navighi su questo sito, questi cookie possono essere utilizzati anche per mostrarti prodotti che potrebbero interessarti o simili a quelli che hai guardato in precedenza, basandosi sulla tua cronologia di navigazione. L\u2019uso di questi cookie non implica il trattamento di dati personali, ma pu\u00f2 permettere la connessione al tuo computer o ad altri dispositivi e rintracciare i dati salvati: questi cookie si connettono al browser installato sul tuo computer o su altri dispositivi utilizzati durante la navigazione sul nostro sito.<\/p>\n<p>Il percorso di navigazione seguito dall\u2019utente durante la sua navigazione, registrato attraverso i cookie, concorre a determinare l\u2019attivazione di annunci di Remarketing.<\/p>\n<p>Per maggiori informazioni sul Remarketing di Google \u00e8 possibile\u00a0<a href=\"http:\/\/support.google.com\/adwords\/answer\/2454003?hl=it&amp;rd=1\">visitare questa pagina<\/a><\/p>\n<p>Gli utenti possono disattivare la registrazione dei cookie di Google dal proprio browser seguendo le indicazioni riportate alle pagine:<\/p>\n<ul>\n<li><a href=\"http:\/\/www.google.it\/policies\/technologies\/ads\/\">Norme e Principi Google per la Privacy<\/a><\/li>\n<li><a href=\"http:\/\/www.networkadvertising.org\/choices\/\">Norme per la disattivazione della Behavioral Advertising<\/a><\/li>\n<li><a href=\"https:\/\/www.google.com\/settings\/u\/0\/ads\/?hl=it&amp;sig=ACi0TCi7vD_CEtlxJk9eLqG4wDZknHlecdd5RE310csCjrbbwfXvCvZ7w5ojDznmuIffUVy44N0cVPvvqnhq_nnEzjnOefcmrErVJIQE9pDvGnKC1Zhw8hEyTRbOteXVL3ELNUIB_4QpKG8YCQCzscEa6ThkDa_04kx4tKOXulKdDkJGlyVuIVA\">Gestione Preferenza Annunci<\/a><\/li>\n<\/ul>\n<p>Utilizzando il presente sito web, acconsenti al trattamento dei tuoi dati da parte di Google per le modalit\u00e0 e i fini sopraindicati.<\/p>\n<\/div>\n","protected":false},"excerpt":{"rendered":"<p>Privacy \/ Condizioni Uso \/ Cookie La navigazione di questo sito non prevede la richiesta di dati personali. Sono utilizzate tecnologie di terze parti che memorizzazano<span class=\"excerpt-hellip\"> [\u2026]<\/span><\/p>\n","protected":false},"author":1,"featured_media":0,"parent":0,"menu_order":0,"comment_status":"closed","ping_status":"closed","template":"","meta":{"footnotes":""},"yoast_head":"<!-- This site is optimized with the Yoast SEO plugin v22.3 - https:\/\/yoast.com\/wordpress\/plugins\/seo\/ -->\n<title>Privacy e cookie policy - Wedding Planner Milano<\/title>\n<meta name=\"robots\" content=\"index, follow, max-snippet:-1, max-image-preview:large, max-video-preview:-1\" \/>\n<link rel=\"canonical\" href=\"https:\/\/weddingplanneritaly.net\/it\/privacy-e-cookie-policy\/\" \/>\n<meta property=\"og:locale\" content=\"it_IT\" \/>\n<meta property=\"og:type\" content=\"article\" \/>\n<meta property=\"og:title\" content=\"Privacy e cookie policy - Wedding Planner Milano\" \/>\n<meta property=\"og:description\" content=\"Privacy \/ Condizioni Uso \/ Cookie La navigazione di questo sito non prevede la richiesta di dati personali. Sono utilizzate tecnologie di terze parti che memorizzazano [\u2026]\" \/>\n<meta property=\"og:url\" content=\"https:\/\/weddingplanneritaly.net\/it\/privacy-e-cookie-policy\/\" \/>\n<meta property=\"og:site_name\" content=\"Wedding Planner Milano\" \/>\n<meta name=\"twitter:card\" content=\"summary_large_image\" \/>\n<meta name=\"twitter:label1\" content=\"Tempo di lettura stimato\" \/>\n\t<meta name=\"twitter:data1\" content=\"8 minuti\" \/>\n<script type=\"application\/ld+json\" class=\"yoast-schema-graph\">{\"@context\":\"https:\/\/schema.org\",\"@graph\":[{\"@type\":\"WebPage\",\"@id\":\"https:\/\/weddingplanneritaly.net\/it\/privacy-e-cookie-policy\/\",\"url\":\"https:\/\/weddingplanneritaly.net\/it\/privacy-e-cookie-policy\/\",\"name\":\"Privacy e cookie policy - Wedding Planner Milano\",\"isPartOf\":{\"@id\":\"https:\/\/weddingplanneritaly.net\/it\/#website\"},\"datePublished\":\"2017-11-09T14:10:40+00:00\",\"dateModified\":\"2017-11-09T14:10:40+00:00\",\"breadcrumb\":{\"@id\":\"https:\/\/weddingplanneritaly.net\/it\/privacy-e-cookie-policy\/#breadcrumb\"},\"inLanguage\":\"it-IT\",\"potentialAction\":[{\"@type\":\"ReadAction\",\"target\":[\"https:\/\/weddingplanneritaly.net\/it\/privacy-e-cookie-policy\/\"]}]},{\"@type\":\"BreadcrumbList\",\"@id\":\"https:\/\/weddingplanneritaly.net\/it\/privacy-e-cookie-policy\/#breadcrumb\",\"itemListElement\":[{\"@type\":\"ListItem\",\"position\":1,\"name\":\"Home\",\"item\":\"https:\/\/weddingplanneritaly.net\/it\/\"},{\"@type\":\"ListItem\",\"position\":2,\"name\":\"Privacy e cookie policy\"}]},{\"@type\":\"WebSite\",\"@id\":\"https:\/\/weddingplanneritaly.net\/it\/#website\",\"url\":\"https:\/\/weddingplanneritaly.net\/it\/\",\"name\":\"Wedding Planner Milano\",\"description\":\"Wedding Planner agency\",\"publisher\":{\"@id\":\"https:\/\/weddingplanneritaly.net\/it\/#organization\"},\"potentialAction\":[{\"@type\":\"SearchAction\",\"target\":{\"@type\":\"EntryPoint\",\"urlTemplate\":\"https:\/\/weddingplanneritaly.net\/it\/?s={search_term_string}\"},\"query-input\":\"required name=search_term_string\"}],\"inLanguage\":\"it-IT\"},{\"@type\":\"Organization\",\"@id\":\"https:\/\/weddingplanneritaly.net\/it\/#organization\",\"name\":\"Wedding Planner Milano\",\"url\":\"https:\/\/weddingplanneritaly.net\/it\/\",\"logo\":{\"@type\":\"ImageObject\",\"inLanguage\":\"it-IT\",\"@id\":\"https:\/\/weddingplanneritaly.net\/it\/#\/schema\/logo\/image\/\",\"url\":\"https:\/\/weddingplanneritaly.net\/it\/wp-content\/uploads\/2017\/11\/sinfoniaweddingV1tNsfondo5.png\",\"contentUrl\":\"https:\/\/weddingplanneritaly.net\/it\/wp-content\/uploads\/2017\/11\/sinfoniaweddingV1tNsfondo5.png\",\"width\":400,\"height\":100,\"caption\":\"Wedding Planner Milano\"},\"image\":{\"@id\":\"https:\/\/weddingplanneritaly.net\/it\/#\/schema\/logo\/image\/\"}}]}<\/script>\n<!-- \/ Yoast SEO plugin. -->","yoast_head_json":{"title":"Privacy e cookie policy - Wedding Planner Milano","robots":{"index":"index","follow":"follow","max-snippet":"max-snippet:-1","max-image-preview":"max-image-preview:large","max-video-preview":"max-video-preview:-1"},"canonical":"https:\/\/weddingplanneritaly.net\/it\/privacy-e-cookie-policy\/","og_locale":"it_IT","og_type":"article","og_title":"Privacy e cookie policy - Wedding Planner Milano","og_description":"Privacy \/ Condizioni Uso \/ Cookie La navigazione di questo sito non prevede la richiesta di dati personali. Sono utilizzate tecnologie di terze parti che memorizzazano [\u2026]","og_url":"https:\/\/weddingplanneritaly.net\/it\/privacy-e-cookie-policy\/","og_site_name":"Wedding Planner Milano","twitter_card":"summary_large_image","twitter_misc":{"Tempo di lettura stimato":"8 minuti"},"schema":{"@context":"https:\/\/schema.org","@graph":[{"@type":"WebPage","@id":"https:\/\/weddingplanneritaly.net\/it\/privacy-e-cookie-policy\/","url":"https:\/\/weddingplanneritaly.net\/it\/privacy-e-cookie-policy\/","name":"Privacy e cookie policy - Wedding Planner Milano","isPartOf":{"@id":"https:\/\/weddingplanneritaly.net\/it\/#website"},"datePublished":"2017-11-09T14:10:40+00:00","dateModified":"2017-11-09T14:10:40+00:00","breadcrumb":{"@id":"https:\/\/weddingplanneritaly.net\/it\/privacy-e-cookie-policy\/#breadcrumb"},"inLanguage":"it-IT","potentialAction":[{"@type":"ReadAction","target":["https:\/\/weddingplanneritaly.net\/it\/privacy-e-cookie-policy\/"]}]},{"@type":"BreadcrumbList","@id":"https:\/\/weddingplanneritaly.net\/it\/privacy-e-cookie-policy\/#breadcrumb","itemListElement":[{"@type":"ListItem","position":1,"name":"Home","item":"https:\/\/weddingplanneritaly.net\/it\/"},{"@type":"ListItem","position":2,"name":"Privacy e cookie policy"}]},{"@type":"WebSite","@id":"https:\/\/weddingplanneritaly.net\/it\/#website","url":"https:\/\/weddingplanneritaly.net\/it\/","name":"Wedding Planner Milano","description":"Wedding Planner agency","publisher":{"@id":"https:\/\/weddingplanneritaly.net\/it\/#organization"},"potentialAction":[{"@type":"SearchAction","target":{"@type":"EntryPoint","urlTemplate":"https:\/\/weddingplanneritaly.net\/it\/?s={search_term_string}"},"query-input":"required name=search_term_string"}],"inLanguage":"it-IT"},{"@type":"Organization","@id":"https:\/\/weddingplanneritaly.net\/it\/#organization","name":"Wedding Planner Milano","url":"https:\/\/weddingplanneritaly.net\/it\/","logo":{"@type":"ImageObject","inLanguage":"it-IT","@id":"https:\/\/weddingplanneritaly.net\/it\/#\/schema\/logo\/image\/","url":"https:\/\/weddingplanneritaly.net\/it\/wp-content\/uploads\/2017\/11\/sinfoniaweddingV1tNsfondo5.png","contentUrl":"https:\/\/weddingplanneritaly.net\/it\/wp-content\/uploads\/2017\/11\/sinfoniaweddingV1tNsfondo5.png","width":400,"height":100,"caption":"Wedding Planner Milano"},"image":{"@id":"https:\/\/weddingplanneritaly.net\/it\/#\/schema\/logo\/image\/"}}]}},"_links":{"self":[{"href":"https:\/\/weddingplanneritaly.net\/it\/wp-json\/wp\/v2\/pages\/100"}],"collection":[{"href":"https:\/\/weddingplanneritaly.net\/it\/wp-json\/wp\/v2\/pages"}],"about":[{"href":"https:\/\/weddingplanneritaly.net\/it\/wp-json\/wp\/v2\/types\/page"}],"author":[{"embeddable":true,"href":"https:\/\/weddingplanneritaly.net\/it\/wp-json\/wp\/v2\/users\/1"}],"replies":[{"embeddable":true,"href":"https:\/\/weddingplanneritaly.net\/it\/wp-json\/wp\/v2\/comments?post=100"}],"version-history":[{"count":0,"href":"https:\/\/weddingplanneritaly.net\/it\/wp-json\/wp\/v2\/pages\/100\/revisions"}],"wp:attachment":[{"href":"https:\/\/weddingplanneritaly.net\/it\/wp-json\/wp\/v2\/media?parent=100"}],"curies":[{"name":"wp","href":"https:\/\/api.w.org\/{rel}","templated":true}]}}