{"id":4374,"date":"2018-05-23T19:31:43","date_gmt":"2018-05-23T19:31:43","guid":{"rendered":"https:\/\/weddingplanneritaly.net\/it\/?page_id=4374"},"modified":"2018-05-23T19:44:09","modified_gmt":"2018-05-23T19:44:09","slug":"privacy-policy","status":"publish","type":"page","link":"https:\/\/weddingplanneritaly.net\/it\/privacy-policy\/","title":{"rendered":"Privacy Policy"},"content":{"rendered":"<h1 class=\"title\">Privacy Policy<\/h1>\n<p>Gentile Utente, ti ringraziamo per aver visitato il nostro sito\u00a0<strong>https:\/\/weddingplanneritaly.net<\/strong><br \/>\nNel prosieguo della pagina ti descriviamo le modalit\u00e0 di gestione del sito <strong>https:\/\/weddingplanneritaly.net<\/strong>\u00a0in riferimento al trattamento dei dati personali degli utenti che lo consultano.<\/p>\n<h3>Perch\u00e9 questo avviso:<\/h3>\n<p>Si tratta di un\u2019informativa resa anche ai sensi dell\u2019art. 13 del D.lgs. n. 196\/03 (Codice in materia di protezione dei dati personali) a coloro che interagiscono con i servizi web direttamente forniti dal presente sito\u00a0<strong>https:\/\/weddingplanneritaly.net<\/strong>\u00a0accessibili per via telematica, precisando che il predetto sito appartiene a <strong>Web Revolution Milano srls<\/strong>.<br \/>\nL\u2019informativa \u00e8 resa per il sito di <strong>Web Revolution Milano srls<\/strong> e non anche per altri siti web eventualmente consultati da te tramite link. L\u2019informativa si ispira alla raccomandazione n. 2\/2001 che le autorit\u00e0 europee per la protezione dei dati personali, riunite nel Gruppo istituito dall\u2019art. 29 della direttiva n. 95\/46\/CE, hanno adottato il 17 maggio 2001 per individuare alcuni requisiti minimi per la raccolta di dati personali on-line, e, in particolare, le modalit\u00e0, i tempi e la natura delle informazioni che i titolari del trattamento devono fornire agli utenti quando questi si collegano a pagine web, indipendentemente dagli scopi del collegamento.<\/p>\n<p>Ti invitiamo quindi a prendere visione della nostra Privacy Policy, qui di seguito illustrata:<\/p>\n<h3>TITOLARE DEL TRATTAMENTO<\/h3>\n<p>Il titolare del trattamento dati come di seguito specificato \u00e8 <strong>Web Revolution Milano srls con sede legale in via Ponchielli 5, 20129 Milano e Li Causi Massimiliano con sede legale in Via Stelvio 12, 20822 Seveso (MB)\u00a0<\/strong>PRINCIPIO DI RESPONSABILIT\u00c0<\/p>\n<p>Il trattamento di dati personali \u00e8 gestito nel tempo da responsabili individuati all\u2019interno dell\u2019organizzazione aziendale.<\/p>\n<ul>\n<li>PRINCIPIO DI TRASPARENZA<\/li>\n<\/ul>\n<p>I dati personali sono raccolti e successivamente trattati secondo i principi espressi dalla presente Privacy Policy adottata da <strong>Web Revolution Milano srls e Li Causi Massimiliano<\/strong>. Al momento dell\u2019eventuale conferimento dei dati ti viene fornita un\u2019informativa sintetica, ma completa, secondo quanto previsto dall\u2019art. 13 del D.lgs. n. 196\/03.<\/p>\n<ul>\n<li>PRINCIPIO DI PERTINENZA DELLA RACCOLTA<\/li>\n<\/ul>\n<p>I dati personali sono trattati in modo lecito e secondo correttezza; sono registrati per scopi determinati, espliciti e legittimi; sono pertinenti e non eccedenti le finalit\u00e0 del trattamento; sono conservati per il tempo necessario agli scopi della raccolta.<\/p>\n<ul>\n<li>PRINCIPIO DI FINALITA\u2019 DELL\u2019UTILIZZO<\/li>\n<\/ul>\n<p>Le finalit\u00e0 del trattamento dei dati personali ti sono rese note al momento della raccolta. Eventuali nuovi trattamenti di dati, se estranei agli scopi dichiarati, sono attivati previa nuova informativa ed eventuale tua richiesta di consenso, quando richiesto dal D.lgs. n. 196\/03. In ogni caso, i dati personali non sono comunicati a terzi o diffusi senza il tuo preventivo consenso, salvo nei casi espressamente indicati dall\u2019art. 24 del D.lgs. n.196\/03.<\/p>\n<ul>\n<li>PRINCIPIO DI VERIFICABILIT\u00c0<\/li>\n<\/ul>\n<p>I dati personali sono esatti ed aggiornati nel tempo. Sono altres\u00ec organizzati e conservati in modo che sia data all\u2019interessato la possibilit\u00e0 di conoscere, se lo desidera, quali dati sono stati raccolti e registrati, nonch\u00e9 di controllarne la qualit\u00e0 e richiederne l\u2019eventuale correzione, integrazione, cancellazione per violazione di legge od opposizione al trattamento e di esercitare tutti gli altri diritti, ai sensi e nei limiti dell\u2019art. 7 del D.lgs. n. 196\/03, presso gli indirizzi indicati nell\u2019informativa\u00a0<em>ex\u00a0<\/em>art. 13 del D.lgs. n. 196\/03 presenti nel sito di <strong>Web Revolution Milano srls<\/strong> con partecipazione di\u00a0 <strong>Li Causi Massimiliano<\/strong>.<\/p>\n<ul>\n<li>\u00a0PRINCIPIO DI SICUREZZA<\/li>\n<\/ul>\n<p>I dati personali sono protetti da misure di sicurezza tecniche, informatiche, organizzative, logistiche e procedurali, contro i rischi di distruzione o perdita, anche accidentale, e di accesso non autorizzato o di trattamento non consentito. Tali misure sono aggiornate periodicamente in base al progresso tecnico, alla natura dei dati e alle specifiche caratteristiche del trattamento, controllate costantemente e verificate nel tempo. Le terze parti che svolgono attivit\u00e0 di supporto di qualsiasi tipo per l\u2019erogazione dei servizi da parte di <strong>Web Revolution Milano srls e Li Causi Massimiliano<\/strong>, in relazione ai quali eseguono operazioni di trattamento di dati personali, sono da quest\u2019ultime designate Responsabili del trattamento e sono contrattualmente vincolate al rispetto delle misure per la sicurezza e la riservatezza dei trattamenti. In alcuni casi potrebbero essere incaricati del trattamento i dipendenti delle societ\u00e0 terze che collaborano con Web Revolution Milano srls e Li Causi Massimiliano, se le operazioni di trattamento avvengono sotto la diretta autorit\u00e0 di Web Revolution Milano srls e\u00a0 Li Causi Massimiliano.<br \/>\nCon il tuo consenso, se richiesto dalla legge, e comunque previa adeguata informativa che specifica le varie finalit\u00e0, i dati personali possono essere comunicati a soggetti terzi, pubblici e privati, estranei a <strong>Web Revolution Milano srls e Li Causi Massimiliano<\/strong>, che li tratteranno in qualit\u00e0 di autonomi titolari del trattamento, secondo la definizione contenuta nel D.lgs. n. 196\/03. Dei trattamenti dei dati personali eseguiti da detti terzi titolari del trattamento <strong>Web Revolution Milano srls e Li Causi Massimiliano<\/strong> non \u00e8 in alcun modo responsabile. <strong>Web Revolution Milano srls e\u00a0 Li Causi Massimiliano<\/strong>\u00a0non si assumono inoltre alcuna responsabilit\u00e0 su:<br \/>\na) le regole e modalit\u00e0 di gestione dei dati personali di altri siti web, raggiungibili dal sito <strong>https:\/\/weddingplanneritaly.net<\/strong> attraverso collegamenti e rimandi;<br \/>\nb) i contenuti di eventuali servizi di e-mail, spazi Web.<br \/>\nI trattamenti connessi ai servizi web offerti da questo sito hanno luogo presso gli uffici di <strong>Web Revolution Milano srls in Via Achille Grandi 46 Mazzo di Rho e Li Causi Massimiliano con sede in Via Stelvio 12, 20822 Seveso (MB)<\/strong>, ed eventualmente presso le sedi dei Responsabili esterni del trattamento e sono curati da incaricati del trattamento preposti alla gestione dei servizi richiesti, alle attivit\u00e0 di marketing \u2013 ove da te richieste \u2013 alle attivit\u00e0 di conservazione dati e di occasionali operazioni di manutenzione.<\/p>\n<p>&nbsp;<\/p>\n<h3>Ambito di comunicazione dei dati:<\/h3>\n<p>I dati personali conferiti potranno essere comunicati a terzi soggetti per adempiere ad obblighi di legge, in esecuzione di ordini provenienti da pubbliche autorit\u00e0 a ci\u00f2 legittimate ovvero ancora per fare valere o difendere un diritto in sede giudiziaria. Se necessario in relazione a particolari servizi o prodotti richiesti, i dati personali potranno essere comunicati a terzi soggetti che svolgono, in qualit\u00e0 di autonomi titolari del trattamento, funzioni strettamente connesse e strumentali alla prestazione dei servizi o fornitura dei prodotti. Senza la comunicazione, questi servizi e prodotti non potrebbero essere forniti. I dati personali non saranno diffusi, salvo che il servizio richiesto lo richieda.<\/p>\n<p>&nbsp;<\/p>\n<h3>Tipologie di dati raccolti e modalit\u00e0 di trattamento:<\/h3>\n<p>\u00c8 bene che tu sappia che, attraverso la navigazione nel sito <strong>https:\/\/weddingplanneritaly.net<\/strong>, potrebbero essere rilevati i tuoi interessi professionali e personali: tali informazioni, tuttavia, sono raccolte al solo ed esclusivo fine di fornire i servizi richiesti ed eventualmente per controllare la qualit\u00e0 dei servizi offerti.<\/p>\n<p>&nbsp;<\/p>\n<h3>Dati forniti volontariamente:<\/h3>\n<p>Le tipologie di dati personali raccolti e trattati nel sito<strong> https:\/\/weddingplanneritaly.net<\/strong> sono quelle necessarie alla erogazione dei vari servizi forniti. I dati raccolti sono trattati con modalit\u00e0 cartacee, automatizzate e telematiche e con logiche strettamente correlate alle finalit\u00e0 del trattamento. Per offrirti i servizi potranno essere utilizzati anche i tuoi numeri di telefax e di telefono fisso e del cellulare e del tuo indirizzo e-mail. E\u2019 quindi evidente che, qualora tali dati non fossero conferiti, non ti potranno essere forniti quei servizi che richiedono l\u2019uso di questi strumenti. Qualora non esprimessi il consenso all\u2019utilizzo dell\u2019e-mail, del telefono fisso e del cellulare e del telefax per finalit\u00e0 di informazione pubblicitaria o di vendita diretta o di comunicazione commerciale interattiva, detti strumenti non saranno utilizzati per questo fine.<\/p>\n<p>Specifiche informative verranno riportate nelle pagine del sito predisposte per l\u2019eventuale conferimento di dati personali. L\u2019eventuale invio volontario di posta elettronica agli indirizzi indicati nel sito\u00a0<strong>https:\/\/weddingplanneritaly.net<\/strong>\u00a0comporta l\u2019acquisizione dell\u2019indirizzo del mittente nonch\u00e9 di eventuali altre informazioni contenute nel messaggio; tali dati personali saranno utilizzati al solo fine di eseguire il servizio o la prestazione richiesta.<\/p>\n<p>&nbsp;<\/p>\n<h3>Dati di navigazione:<\/h3>\n<p>E\u2019 utile conoscere che le procedure software del sito acquisiscono, nel corso del loro normale esercizio, alcuni dati personali la cui trasmissione \u00e8 implicita nell\u2019uso dei protocolli di comunicazione di internet. Pur essendo informazioni non destinate ad essere associate a utenti identificati, per loro natura, se associate ad altri dati detenuti da terzi (ad es. il tuo internet service provider), potrebbero permettere l\u2019identificazione degli utenti. In questa categoria di dati rientrano gli indirizzi IP o i nomi a dominio dei computer utilizzati dagli utenti che si connettono al sito, gli indirizzi in notazione URL (Uniform Resource Locator) delle risorse richieste, l\u2019orario della richiesta, il metodo utilizzato nel sottoporre la richiesta al server, la dimensione del file ottenuto in risposta, il codice numerico indicante lo stato della risposta data dal server (buon fine, errore, ecc.) ed altri parametri relativi al tuo sistema operativo e al tuo ambiente informatico. Questi dati sono utilizzati ai soli fini di statistiche anonime sull\u2019uso del sito e per controllarne il corretto funzionamento.<br \/>\nIl Titolare del Trattamento e, a seconda del servizio richiesto, i Responsabili designati, conservano, per un periodo limitato secondo le norme di legge, il tracciato (LOG) delle connessioni\/navigazioni effettuate per rispondere alle eventuali richieste provenienti dall\u2019autorit\u00e0 giudiziaria o da altro organo pubblico legittimato a richiedere detto tracciato per l\u2019accertamento di eventuali responsabilit\u00e0 in caso di reati informatici.<br \/>\nA parte quanto specificato per i dati di navigazione, sei libero di conferire o meno i dati personali richiesti. Qualora non vengano conferiti questi dati il servizio richiesto non potr\u00e0 essere erogato e non si potr\u00e0 usufruire delle connesse opportunit\u00e0.<br \/>\nAl momento dell\u2019eventuale conferimento dei dati, secondo quanto previsto dall\u2019art. 13 del D.lgs. n. 196\/03, viene fornita all\u2019interessato un\u2019informativa, sintetica ma completa, sulle finalit\u00e0 e modalit\u00e0 dei trattamenti, sul carattere obbligatorio o facoltativo del conferimento dei dati, sulle conseguenze del mancato conferimento, sui soggetti o sulle categorie di soggetti cui i dati personali possono essere comunicati e l\u2019ambito di diffusione dei dati medesimi, sui diritti di cui all\u2019art. 7 del D.lgs. n. 196\/03 (accesso, integrazione, aggiornamento, correzione, cancellazione per violazione di legge, opposizione al trattamento, ecc.), sull\u2019identit\u00e0 e sulla sede del titolare e del o dei responsabili del trattamento. Tu sei quindi chiamato ad esprimere il tuo consenso informato, libero, espresso in forma specifica e documentato nella forma prevista dalla legge, ove richiesto dalla medesima. Qualora i conferimenti di dati personali avvengano in fasi successive, potranno essere fornite integrazioni alle informative gi\u00e0 rese in precedenza e richiesti i nuovi consensi al trattamento disposti dal Codice.<\/p>\n<p>&nbsp;<\/p>\n<h3>Misure di sicurezza adottate per la tutela dei dati raccolti<\/h3>\n<p><strong>Web Revolution Milano srls e Li Causi Massimiliano<\/strong> utilizzano architetture e tecnologie \u201csicure\u201d per proteggere i dati personali contro l\u2019indebita divulgazione, alterazione od uso improprio. Le protezioni attivate nei confronti dei dati personali si propongono, in particolare, di ridurre al minimo i rischi di distruzione o di perdita, anche accidentale, dei dati, di accesso non autorizzato o di trattamento non consentito o non conforme alle finalit\u00e0 della raccolta. Dette misure di sicurezza rispondono ovviamente ai requisiti minimi indicati dal Legislatore (Disciplinare Tecnico in materia di misure minime di sicurezza di cui agli artt. da 33 a 36 del D.lgs. n. 196\/03). I soggetti cui si riferiscono i dati personali hanno il diritto in qualunque momento di ottenere la conferma dell\u2019esistenza o meno dei medesimi dati e di conoscerne il contenuto e l\u2019origine, verificarne l\u2019esattezza o chiederne l\u2019integrazione o l\u2019aggiornamento, oppure la rettificazione (art. 7 del D.lgs. n. 196\/03). Ai sensi del medesimo articolo l\u2019interessato ha il diritto di chiedere la cancellazione, la trasformazione in forma anonima o il blocco dei dati trattati in violazione di legge, nonch\u00e9 di opporsi in ogni caso, per motivi legittimi, al loro trattamento.<br \/>\nLe richieste vanno rivolte all\u2019indirizzo di posta elettronica\u00a0<a href=\"mailto:fabbrolicausi74@gmail.com\">fabbrolicausi74@gmail.com<\/a>\u00a0e <a href=\"mailto:webrevolutionmilano@gmail.com\">webrevolutionmilano@gmail.com<\/a><\/p>\n","protected":false},"excerpt":{"rendered":"<p>Privacy Policy Gentile Utente, ti ringraziamo per aver visitato il nostro sito\u00a0https:\/\/weddingplanneritaly.net Nel prosieguo della pagina ti descriviamo le modalit\u00e0 di gestione del sito https:\/\/weddingplanneritaly.net\u00a0in riferimento<span class=\"excerpt-hellip\"> [\u2026]<\/span><\/p>\n","protected":false},"author":1,"featured_media":0,"parent":0,"menu_order":0,"comment_status":"closed","ping_status":"closed","template":"","meta":{"footnotes":""},"yoast_head":"<!-- This site is optimized with the Yoast SEO plugin v22.3 - https:\/\/yoast.com\/wordpress\/plugins\/seo\/ -->\n<title>Privacy Policy - Wedding Planner Milano<\/title>\n<meta name=\"robots\" content=\"index, follow, max-snippet:-1, max-image-preview:large, max-video-preview:-1\" \/>\n<link rel=\"canonical\" href=\"https:\/\/weddingplanneritaly.net\/it\/privacy-policy\/\" \/>\n<meta property=\"og:locale\" content=\"it_IT\" \/>\n<meta property=\"og:type\" content=\"article\" \/>\n<meta property=\"og:title\" content=\"Privacy Policy - Wedding Planner Milano\" \/>\n<meta property=\"og:description\" content=\"Privacy Policy Gentile Utente, ti ringraziamo per aver visitato il nostro sito\u00a0https:\/\/weddingplanneritaly.net Nel prosieguo della pagina ti descriviamo le modalit\u00e0 di gestione del sito https:\/\/weddingplanneritaly.net\u00a0in riferimento [\u2026]\" \/>\n<meta property=\"og:url\" content=\"https:\/\/weddingplanneritaly.net\/it\/privacy-policy\/\" \/>\n<meta property=\"og:site_name\" content=\"Wedding Planner Milano\" \/>\n<meta property=\"article:modified_time\" content=\"2018-05-23T19:44:09+00:00\" \/>\n<meta name=\"twitter:card\" content=\"summary_large_image\" \/>\n<meta name=\"twitter:label1\" content=\"Tempo di lettura stimato\" \/>\n\t<meta name=\"twitter:data1\" content=\"10 minuti\" \/>\n<script type=\"application\/ld+json\" class=\"yoast-schema-graph\">{\"@context\":\"https:\/\/schema.org\",\"@graph\":[{\"@type\":\"WebPage\",\"@id\":\"https:\/\/weddingplanneritaly.net\/it\/privacy-policy\/\",\"url\":\"https:\/\/weddingplanneritaly.net\/it\/privacy-policy\/\",\"name\":\"Privacy Policy - Wedding Planner Milano\",\"isPartOf\":{\"@id\":\"https:\/\/weddingplanneritaly.net\/it\/#website\"},\"datePublished\":\"2018-05-23T19:31:43+00:00\",\"dateModified\":\"2018-05-23T19:44:09+00:00\",\"breadcrumb\":{\"@id\":\"https:\/\/weddingplanneritaly.net\/it\/privacy-policy\/#breadcrumb\"},\"inLanguage\":\"it-IT\",\"potentialAction\":[{\"@type\":\"ReadAction\",\"target\":[\"https:\/\/weddingplanneritaly.net\/it\/privacy-policy\/\"]}]},{\"@type\":\"BreadcrumbList\",\"@id\":\"https:\/\/weddingplanneritaly.net\/it\/privacy-policy\/#breadcrumb\",\"itemListElement\":[{\"@type\":\"ListItem\",\"position\":1,\"name\":\"Home\",\"item\":\"https:\/\/weddingplanneritaly.net\/it\/\"},{\"@type\":\"ListItem\",\"position\":2,\"name\":\"Privacy Policy\"}]},{\"@type\":\"WebSite\",\"@id\":\"https:\/\/weddingplanneritaly.net\/it\/#website\",\"url\":\"https:\/\/weddingplanneritaly.net\/it\/\",\"name\":\"Wedding Planner Milano\",\"description\":\"Wedding Planner agency\",\"publisher\":{\"@id\":\"https:\/\/weddingplanneritaly.net\/it\/#organization\"},\"potentialAction\":[{\"@type\":\"SearchAction\",\"target\":{\"@type\":\"EntryPoint\",\"urlTemplate\":\"https:\/\/weddingplanneritaly.net\/it\/?s={search_term_string}\"},\"query-input\":\"required name=search_term_string\"}],\"inLanguage\":\"it-IT\"},{\"@type\":\"Organization\",\"@id\":\"https:\/\/weddingplanneritaly.net\/it\/#organization\",\"name\":\"Wedding Planner Milano\",\"url\":\"https:\/\/weddingplanneritaly.net\/it\/\",\"logo\":{\"@type\":\"ImageObject\",\"inLanguage\":\"it-IT\",\"@id\":\"https:\/\/weddingplanneritaly.net\/it\/#\/schema\/logo\/image\/\",\"url\":\"https:\/\/weddingplanneritaly.net\/it\/wp-content\/uploads\/2017\/11\/sinfoniaweddingV1tNsfondo5.png\",\"contentUrl\":\"https:\/\/weddingplanneritaly.net\/it\/wp-content\/uploads\/2017\/11\/sinfoniaweddingV1tNsfondo5.png\",\"width\":400,\"height\":100,\"caption\":\"Wedding Planner Milano\"},\"image\":{\"@id\":\"https:\/\/weddingplanneritaly.net\/it\/#\/schema\/logo\/image\/\"}}]}<\/script>\n<!-- \/ Yoast SEO plugin. -->","yoast_head_json":{"title":"Privacy Policy - Wedding Planner Milano","robots":{"index":"index","follow":"follow","max-snippet":"max-snippet:-1","max-image-preview":"max-image-preview:large","max-video-preview":"max-video-preview:-1"},"canonical":"https:\/\/weddingplanneritaly.net\/it\/privacy-policy\/","og_locale":"it_IT","og_type":"article","og_title":"Privacy Policy - Wedding Planner Milano","og_description":"Privacy Policy Gentile Utente, ti ringraziamo per aver visitato il nostro sito\u00a0https:\/\/weddingplanneritaly.net Nel prosieguo della pagina ti descriviamo le modalit\u00e0 di gestione del sito https:\/\/weddingplanneritaly.net\u00a0in riferimento [\u2026]","og_url":"https:\/\/weddingplanneritaly.net\/it\/privacy-policy\/","og_site_name":"Wedding Planner Milano","article_modified_time":"2018-05-23T19:44:09+00:00","twitter_card":"summary_large_image","twitter_misc":{"Tempo di lettura stimato":"10 minuti"},"schema":{"@context":"https:\/\/schema.org","@graph":[{"@type":"WebPage","@id":"https:\/\/weddingplanneritaly.net\/it\/privacy-policy\/","url":"https:\/\/weddingplanneritaly.net\/it\/privacy-policy\/","name":"Privacy Policy - Wedding Planner Milano","isPartOf":{"@id":"https:\/\/weddingplanneritaly.net\/it\/#website"},"datePublished":"2018-05-23T19:31:43+00:00","dateModified":"2018-05-23T19:44:09+00:00","breadcrumb":{"@id":"https:\/\/weddingplanneritaly.net\/it\/privacy-policy\/#breadcrumb"},"inLanguage":"it-IT","potentialAction":[{"@type":"ReadAction","target":["https:\/\/weddingplanneritaly.net\/it\/privacy-policy\/"]}]},{"@type":"BreadcrumbList","@id":"https:\/\/weddingplanneritaly.net\/it\/privacy-policy\/#breadcrumb","itemListElement":[{"@type":"ListItem","position":1,"name":"Home","item":"https:\/\/weddingplanneritaly.net\/it\/"},{"@type":"ListItem","position":2,"name":"Privacy Policy"}]},{"@type":"WebSite","@id":"https:\/\/weddingplanneritaly.net\/it\/#website","url":"https:\/\/weddingplanneritaly.net\/it\/","name":"Wedding Planner Milano","description":"Wedding Planner agency","publisher":{"@id":"https:\/\/weddingplanneritaly.net\/it\/#organization"},"potentialAction":[{"@type":"SearchAction","target":{"@type":"EntryPoint","urlTemplate":"https:\/\/weddingplanneritaly.net\/it\/?s={search_term_string}"},"query-input":"required name=search_term_string"}],"inLanguage":"it-IT"},{"@type":"Organization","@id":"https:\/\/weddingplanneritaly.net\/it\/#organization","name":"Wedding Planner Milano","url":"https:\/\/weddingplanneritaly.net\/it\/","logo":{"@type":"ImageObject","inLanguage":"it-IT","@id":"https:\/\/weddingplanneritaly.net\/it\/#\/schema\/logo\/image\/","url":"https:\/\/weddingplanneritaly.net\/it\/wp-content\/uploads\/2017\/11\/sinfoniaweddingV1tNsfondo5.png","contentUrl":"https:\/\/weddingplanneritaly.net\/it\/wp-content\/uploads\/2017\/11\/sinfoniaweddingV1tNsfondo5.png","width":400,"height":100,"caption":"Wedding Planner Milano"},"image":{"@id":"https:\/\/weddingplanneritaly.net\/it\/#\/schema\/logo\/image\/"}}]}},"_links":{"self":[{"href":"https:\/\/weddingplanneritaly.net\/it\/wp-json\/wp\/v2\/pages\/4374"}],"collection":[{"href":"https:\/\/weddingplanneritaly.net\/it\/wp-json\/wp\/v2\/pages"}],"about":[{"href":"https:\/\/weddingplanneritaly.net\/it\/wp-json\/wp\/v2\/types\/page"}],"author":[{"embeddable":true,"href":"https:\/\/weddingplanneritaly.net\/it\/wp-json\/wp\/v2\/users\/1"}],"replies":[{"embeddable":true,"href":"https:\/\/weddingplanneritaly.net\/it\/wp-json\/wp\/v2\/comments?post=4374"}],"version-history":[{"count":0,"href":"https:\/\/weddingplanneritaly.net\/it\/wp-json\/wp\/v2\/pages\/4374\/revisions"}],"wp:attachment":[{"href":"https:\/\/weddingplanneritaly.net\/it\/wp-json\/wp\/v2\/media?parent=4374"}],"curies":[{"name":"wp","href":"https:\/\/api.w.org\/{rel}","templated":true}]}}