{"id":4376,"date":"2018-05-23T19:33:07","date_gmt":"2018-05-23T19:33:07","guid":{"rendered":"https:\/\/weddingplanneritaly.net\/it\/?page_id=4376"},"modified":"2018-05-23T19:46:47","modified_gmt":"2018-05-23T19:46:47","slug":"trattamento-dei-dati","status":"publish","type":"page","link":"https:\/\/weddingplanneritaly.net\/it\/trattamento-dei-dati\/","title":{"rendered":"Trattamento dei dati"},"content":{"rendered":"<h1 class=\"title\">Trattamento dei dati<\/h1>\n<p><strong><em>INFORMATIVA AI SENSI DEL CODICE IN MATERIA DI PROTEZIONE DEI DATI PERSONALI (D.LGS. 30 GIUGNO 2003 N. 196)<\/em><\/strong><\/p>\n<p>Gentile Utente, Il sito\u00a0<strong>https:\/\/weddingplanneritaly.net<\/strong>\u00a0\u00e8 di propriet\u00e0 di <strong>Web Revolution Milano srls<\/strong>, ed \u00e8 gestito dalla Societ\u00e0 stessa e dall&#8217;azienda di <strong>Li Causi Massimiliano<\/strong>. In questa pagina descriviamo le modalit\u00e0 di trattamento dei dati personali degli utenti che vengono contattati telefonicamente dall&#8217;azienda di <strong>Li Causi Massimiliano<\/strong>.<\/p>\n<p>Leggi l\u2019informativa relativa alla nostra <a href=\"https:\/\/weddingplanneritaly.net\/it\/privacy-policy\/\">privacy policy<\/a> e <a href=\"https:\/\/weddingplanneritaly.net\/it\/cookie-policy\/\">cookie policy<\/a>.\u00a0Questa informativa relativa alla sicurezza ed al trattamento dei dati personali viene resa anche ai sensi e per gli effetti dell\u2019art. 13 del vigente Codice in materia di protezione dei dati personali (D.lgs. 30 giugno 2003 n. 196).<\/p>\n<ol>\n<li><strong>Fonte dei dati personali:<\/strong><br \/>\nLa Societ\u00e0 tratta, in qualit\u00e0 di autonomo titolare, i dati conferiti dagli interessati attraverso il sito\u00a0<strong>https:\/\/weddingplanneritaly.net<\/strong>\u00a0nonch\u00e9 dati reperiti da altre aziende verso le quali l\u2019interessato ha espresso il consenso alla comunicazione e dall\u2019 Elenco Telefonico Generale;<\/li>\n<\/ol>\n<ol>\n<li><strong>Finalit\u00e0 del trattamento dei dati:<\/strong><br \/>\nFornire informazioni commerciali su prodotti e servizi della Societ\u00e0 mediante contatto telefonico.<\/li>\n<\/ol>\n<ol>\n<li><strong>Durata del trattamento:<\/strong><br \/>\nIl trattamento avr\u00e0 una durata non superiore a quella necessaria per le finalit\u00e0 per le quali i dati sono stati raccolti.<\/li>\n<\/ol>\n<ol>\n<li><strong>Modalit\u00e0 di trattamento dei dati:<\/strong><br \/>\nIl trattamento dei dati personali viene effettuato manualmente e con strumenti elettronici, con logiche strettamente correlate alle finalit\u00e0 sopra indicate e, comunque, in modo da garantire la sicurezza e la riservatezza dei dati stessi.<\/li>\n<\/ol>\n<ol>\n<li><strong>Soggetti ai quali i dati possono essere comunicati:<\/strong><br \/>\nLa Societ\u00e0 pu\u00f2 comunicare i dati personali conferiti alle seguenti categorie di soggetti: societ\u00e0 che svolgono servizi di archiviazione di documenti e in generale tutti i soggetti che svolgono a favore della Societ\u00e0 attivit\u00e0 di assistenza e consulenza professionale. I soggetti appartenenti alle predette categorie, ai quali i dati possono essere comunicati, utilizzeranno i dati in qualit\u00e0 di \u201ctitolari\u201d ai sensi del Codice in materia di protezione dei dati personali, in piena autonomia, essendo estranei all\u2019originario trattamento effettuato presso Societ\u00e0, ovvero in qualit\u00e0 di \u201cResponsabili\u201d di specifiche operazioni di trattamento che rientrano nelle prestazioni contrattuali che i soggetti medesimi eseguono a favore di Societ\u00e0. Possono venire a conoscenza dei dati, in qualit\u00e0 di \u201cResponsabili\u201d o di \u201cIncaricati\u201d, i dipendenti e i collaboratori della Societ\u00e0. Per conoscere l\u2019elenco aggiornato dei Responsabili si potr\u00e0 prendere contatto scrivendo all\u2019indirizzo webrevolutionmilano@gmail.com e fabbrolicausi74@gmail.com.<\/li>\n<\/ol>\n<ol>\n<li><strong>Diritti di cui all\u2019art. 7 del Codice in materia di protezione dei dati personali:<\/strong><br \/>\nAvr\u00e0 diritto di ottenere dalla Societ\u00e0 in qualit\u00e0 di titolare del trattamento la conferma dell\u2019esistenza o meno di dati personali che la riguardano, anche se non ancora registrati, e la loro comunicazione in forma comprensibile; l\u2019indicazione dell\u2019origine dei dati personali, delle finalit\u00e0 e modalit\u00e0 del trattamento, della logica applicata, in caso di trattamento effettuato con l\u2019ausilio di strumenti elettronici, nonch\u00e9 dei soggetti o delle categorie di soggetti ai quali i dati personali possono essere comunicati o che possono venirne a conoscenza in qualit\u00e0 di responsabili o incaricati; la cancellazione, la trasformazione in forma anonima o il blocco dei dati trattati in violazione di legge, nonch\u00e9 l\u2019aggiornamento, la rettificazione ovvero, qualora lo richieda l\u2019integrazione dei dati. Potr\u00e0 sempre opporsi, gratuitamente, in tutto o in parte, al trattamento dei dati personali ai fini di invio di materiale pubblicitario, di vendita diretta, per il compimento di ricerche di mercato o di comunicazione commerciale.<\/li>\n<\/ol>\n<p>Per i diritti di cui sopra e per qualsiasi comunicazione inerente il trattamento dei dati personali da parte di <strong>Web Revolution Milano srls e\u00a0 Li Causi Massimiliano<\/strong> potr\u00e0 prendere contatto scrivendo all\u2019indirizzo <a href=\"mailto:webrevolutionmilano@gmail.com\">webrevolutionmilano@gmail.com<\/a> e <a href=\"mailto:fabbrolicausi74@gmail.com\">fabbrolicausi74@gmail.com<\/a>.<\/p>\n","protected":false},"excerpt":{"rendered":"<p>Trattamento dei dati INFORMATIVA AI SENSI DEL CODICE IN MATERIA DI PROTEZIONE DEI DATI PERSONALI (D.LGS. 30 GIUGNO 2003 N. 196) Gentile Utente, Il sito\u00a0https:\/\/weddingplanneritaly.net\u00a0\u00e8 di<span class=\"excerpt-hellip\"> [\u2026]<\/span><\/p>\n","protected":false},"author":1,"featured_media":0,"parent":0,"menu_order":0,"comment_status":"closed","ping_status":"closed","template":"","meta":{"footnotes":""},"yoast_head":"<!-- This site is optimized with the Yoast SEO plugin v22.3 - https:\/\/yoast.com\/wordpress\/plugins\/seo\/ -->\n<title>Trattamento dei dati - Wedding Planner Milano<\/title>\n<meta name=\"robots\" content=\"index, follow, max-snippet:-1, max-image-preview:large, max-video-preview:-1\" \/>\n<link rel=\"canonical\" href=\"https:\/\/weddingplanneritaly.net\/it\/trattamento-dei-dati\/\" \/>\n<meta property=\"og:locale\" content=\"it_IT\" \/>\n<meta property=\"og:type\" content=\"article\" \/>\n<meta property=\"og:title\" content=\"Trattamento dei dati - Wedding Planner Milano\" \/>\n<meta property=\"og:description\" content=\"Trattamento dei dati INFORMATIVA AI SENSI DEL CODICE IN MATERIA DI PROTEZIONE DEI DATI PERSONALI (D.LGS. 30 GIUGNO 2003 N. 196) Gentile Utente, Il sito\u00a0https:\/\/weddingplanneritaly.net\u00a0\u00e8 di [\u2026]\" \/>\n<meta property=\"og:url\" content=\"https:\/\/weddingplanneritaly.net\/it\/trattamento-dei-dati\/\" \/>\n<meta property=\"og:site_name\" content=\"Wedding Planner Milano\" \/>\n<meta property=\"article:modified_time\" content=\"2018-05-23T19:46:47+00:00\" \/>\n<meta name=\"twitter:card\" content=\"summary_large_image\" \/>\n<meta name=\"twitter:label1\" content=\"Tempo di lettura stimato\" \/>\n\t<meta name=\"twitter:data1\" content=\"3 minuti\" \/>\n<script type=\"application\/ld+json\" class=\"yoast-schema-graph\">{\"@context\":\"https:\/\/schema.org\",\"@graph\":[{\"@type\":\"WebPage\",\"@id\":\"https:\/\/weddingplanneritaly.net\/it\/trattamento-dei-dati\/\",\"url\":\"https:\/\/weddingplanneritaly.net\/it\/trattamento-dei-dati\/\",\"name\":\"Trattamento dei dati - Wedding Planner Milano\",\"isPartOf\":{\"@id\":\"https:\/\/weddingplanneritaly.net\/it\/#website\"},\"datePublished\":\"2018-05-23T19:33:07+00:00\",\"dateModified\":\"2018-05-23T19:46:47+00:00\",\"breadcrumb\":{\"@id\":\"https:\/\/weddingplanneritaly.net\/it\/trattamento-dei-dati\/#breadcrumb\"},\"inLanguage\":\"it-IT\",\"potentialAction\":[{\"@type\":\"ReadAction\",\"target\":[\"https:\/\/weddingplanneritaly.net\/it\/trattamento-dei-dati\/\"]}]},{\"@type\":\"BreadcrumbList\",\"@id\":\"https:\/\/weddingplanneritaly.net\/it\/trattamento-dei-dati\/#breadcrumb\",\"itemListElement\":[{\"@type\":\"ListItem\",\"position\":1,\"name\":\"Home\",\"item\":\"https:\/\/weddingplanneritaly.net\/it\/\"},{\"@type\":\"ListItem\",\"position\":2,\"name\":\"Trattamento dei dati\"}]},{\"@type\":\"WebSite\",\"@id\":\"https:\/\/weddingplanneritaly.net\/it\/#website\",\"url\":\"https:\/\/weddingplanneritaly.net\/it\/\",\"name\":\"Wedding Planner Milano\",\"description\":\"Wedding Planner agency\",\"publisher\":{\"@id\":\"https:\/\/weddingplanneritaly.net\/it\/#organization\"},\"potentialAction\":[{\"@type\":\"SearchAction\",\"target\":{\"@type\":\"EntryPoint\",\"urlTemplate\":\"https:\/\/weddingplanneritaly.net\/it\/?s={search_term_string}\"},\"query-input\":\"required name=search_term_string\"}],\"inLanguage\":\"it-IT\"},{\"@type\":\"Organization\",\"@id\":\"https:\/\/weddingplanneritaly.net\/it\/#organization\",\"name\":\"Wedding Planner Milano\",\"url\":\"https:\/\/weddingplanneritaly.net\/it\/\",\"logo\":{\"@type\":\"ImageObject\",\"inLanguage\":\"it-IT\",\"@id\":\"https:\/\/weddingplanneritaly.net\/it\/#\/schema\/logo\/image\/\",\"url\":\"https:\/\/weddingplanneritaly.net\/it\/wp-content\/uploads\/2017\/11\/sinfoniaweddingV1tNsfondo5.png\",\"contentUrl\":\"https:\/\/weddingplanneritaly.net\/it\/wp-content\/uploads\/2017\/11\/sinfoniaweddingV1tNsfondo5.png\",\"width\":400,\"height\":100,\"caption\":\"Wedding Planner Milano\"},\"image\":{\"@id\":\"https:\/\/weddingplanneritaly.net\/it\/#\/schema\/logo\/image\/\"}}]}<\/script>\n<!-- \/ Yoast SEO plugin. -->","yoast_head_json":{"title":"Trattamento dei dati - Wedding Planner Milano","robots":{"index":"index","follow":"follow","max-snippet":"max-snippet:-1","max-image-preview":"max-image-preview:large","max-video-preview":"max-video-preview:-1"},"canonical":"https:\/\/weddingplanneritaly.net\/it\/trattamento-dei-dati\/","og_locale":"it_IT","og_type":"article","og_title":"Trattamento dei dati - Wedding Planner Milano","og_description":"Trattamento dei dati INFORMATIVA AI SENSI DEL CODICE IN MATERIA DI PROTEZIONE DEI DATI PERSONALI (D.LGS. 30 GIUGNO 2003 N. 196) Gentile Utente, Il sito\u00a0https:\/\/weddingplanneritaly.net\u00a0\u00e8 di [\u2026]","og_url":"https:\/\/weddingplanneritaly.net\/it\/trattamento-dei-dati\/","og_site_name":"Wedding Planner Milano","article_modified_time":"2018-05-23T19:46:47+00:00","twitter_card":"summary_large_image","twitter_misc":{"Tempo di lettura stimato":"3 minuti"},"schema":{"@context":"https:\/\/schema.org","@graph":[{"@type":"WebPage","@id":"https:\/\/weddingplanneritaly.net\/it\/trattamento-dei-dati\/","url":"https:\/\/weddingplanneritaly.net\/it\/trattamento-dei-dati\/","name":"Trattamento dei dati - Wedding Planner Milano","isPartOf":{"@id":"https:\/\/weddingplanneritaly.net\/it\/#website"},"datePublished":"2018-05-23T19:33:07+00:00","dateModified":"2018-05-23T19:46:47+00:00","breadcrumb":{"@id":"https:\/\/weddingplanneritaly.net\/it\/trattamento-dei-dati\/#breadcrumb"},"inLanguage":"it-IT","potentialAction":[{"@type":"ReadAction","target":["https:\/\/weddingplanneritaly.net\/it\/trattamento-dei-dati\/"]}]},{"@type":"BreadcrumbList","@id":"https:\/\/weddingplanneritaly.net\/it\/trattamento-dei-dati\/#breadcrumb","itemListElement":[{"@type":"ListItem","position":1,"name":"Home","item":"https:\/\/weddingplanneritaly.net\/it\/"},{"@type":"ListItem","position":2,"name":"Trattamento dei dati"}]},{"@type":"WebSite","@id":"https:\/\/weddingplanneritaly.net\/it\/#website","url":"https:\/\/weddingplanneritaly.net\/it\/","name":"Wedding Planner Milano","description":"Wedding Planner agency","publisher":{"@id":"https:\/\/weddingplanneritaly.net\/it\/#organization"},"potentialAction":[{"@type":"SearchAction","target":{"@type":"EntryPoint","urlTemplate":"https:\/\/weddingplanneritaly.net\/it\/?s={search_term_string}"},"query-input":"required name=search_term_string"}],"inLanguage":"it-IT"},{"@type":"Organization","@id":"https:\/\/weddingplanneritaly.net\/it\/#organization","name":"Wedding Planner Milano","url":"https:\/\/weddingplanneritaly.net\/it\/","logo":{"@type":"ImageObject","inLanguage":"it-IT","@id":"https:\/\/weddingplanneritaly.net\/it\/#\/schema\/logo\/image\/","url":"https:\/\/weddingplanneritaly.net\/it\/wp-content\/uploads\/2017\/11\/sinfoniaweddingV1tNsfondo5.png","contentUrl":"https:\/\/weddingplanneritaly.net\/it\/wp-content\/uploads\/2017\/11\/sinfoniaweddingV1tNsfondo5.png","width":400,"height":100,"caption":"Wedding Planner Milano"},"image":{"@id":"https:\/\/weddingplanneritaly.net\/it\/#\/schema\/logo\/image\/"}}]}},"_links":{"self":[{"href":"https:\/\/weddingplanneritaly.net\/it\/wp-json\/wp\/v2\/pages\/4376"}],"collection":[{"href":"https:\/\/weddingplanneritaly.net\/it\/wp-json\/wp\/v2\/pages"}],"about":[{"href":"https:\/\/weddingplanneritaly.net\/it\/wp-json\/wp\/v2\/types\/page"}],"author":[{"embeddable":true,"href":"https:\/\/weddingplanneritaly.net\/it\/wp-json\/wp\/v2\/users\/1"}],"replies":[{"embeddable":true,"href":"https:\/\/weddingplanneritaly.net\/it\/wp-json\/wp\/v2\/comments?post=4376"}],"version-history":[{"count":0,"href":"https:\/\/weddingplanneritaly.net\/it\/wp-json\/wp\/v2\/pages\/4376\/revisions"}],"wp:attachment":[{"href":"https:\/\/weddingplanneritaly.net\/it\/wp-json\/wp\/v2\/media?parent=4376"}],"curies":[{"name":"wp","href":"https:\/\/api.w.org\/{rel}","templated":true}]}}